{"id":3646,"date":"2025-02-18T12:33:31","date_gmt":"2025-02-18T11:33:31","guid":{"rendered":"https:\/\/holidayresort-balzirossi.com\/domande-frequenti\/"},"modified":"2026-04-26T12:12:42","modified_gmt":"2026-04-26T10:12:42","slug":"domande-frequenti","status":"publish","type":"page","link":"https:\/\/holidayresort-balzirossi.com\/it\/domande-frequenti\/","title":{"rendered":"DOMANDE FREQUENTI"},"content":{"rendered":"<p>[et_pb_section fb_built=&#8221;1&#8243; fullwidth=&#8221;on&#8221; _builder_version=&#8221;4.16&#8243; _module_preset=&#8221;default&#8221; da_disable_devices=&#8221;off|off|off&#8221; global_colors_info=&#8221;{}&#8221; da_is_popup=&#8221;off&#8221; da_exit_intent=&#8221;off&#8221; da_has_close=&#8221;on&#8221; da_alt_close=&#8221;off&#8221; da_dark_close=&#8221;off&#8221; da_not_modal=&#8221;on&#8221; da_is_singular=&#8221;off&#8221; da_with_loader=&#8221;off&#8221; da_has_shadow=&#8221;on&#8221;][et_pb_fullwidth_image src=&#8221;https:\/\/holidayresort-balzirossi.com\/wp-content\/uploads\/2026\/04\/balzi-rossi-ventimiglia-menton-monaco-italy.jpg&#8221; alt=&#8221;balzi-rossi-ventimiglia-mentone-monaco-italy&#8221; title_text=&#8221;Copia dei bungalow Boutiek sul mare &#8211; 1&#8243; _builder_version=&#8221;4.27.6&#8243; _module_preset=&#8221;default&#8221; hover_enabled=&#8221;0&#8243; global_colors_info=&#8221;{}&#8221; sticky_enabled=&#8221;0&#8243;][\/et_pb_fullwidth_image][\/et_pb_section][et_pb_section fb_built=&#8221;1&#8243; _builder_version=&#8221;4.27.6&#8243; _module_preset=&#8221;default&#8221; hover_enabled=&#8221;0&#8243; da_disable_devices=&#8221;off|off|off&#8221; global_colors_info=&#8221;{}&#8221; background_color=&#8221;#f9f7f1&#8243; sticky_enabled=&#8221;0&#8243; da_is_popup=&#8221;off&#8221; da_exit_intent=&#8221;off&#8221; da_has_close=&#8221;on&#8221; da_alt_close=&#8221;off&#8221; da_dark_close=&#8221;off&#8221; da_not_modal=&#8221;on&#8221; da_is_singular=&#8221;off&#8221; da_with_loader=&#8221;off&#8221; da_has_shadow=&#8221;on&#8221;][et_pb_row _builder_version=&#8221;4.16&#8243; _module_preset=&#8221;default&#8221; global_colors_info=&#8221;{}&#8221;][et_pb_column type=&#8221;4_4&#8243; _builder_version=&#8221;4.16&#8243; _module_preset=&#8221;default&#8221; global_colors_info=&#8221;{}&#8221;][et_pb_text _builder_version=&#8221;4.27.6&#8243; _module_preset=&#8221;default&#8221; hover_enabled=&#8221;0&#8243; global_colors_info=&#8221;{}&#8221; header_font_size=&#8221;35px&#8221; sticky_enabled=&#8221;0&#8243;]<\/p>\n<h1>FAQ: <em>domande frequenti dei nostri ospiti.<\/em><\/h1>\n<p>&nbsp;<\/p>\n<p>Hai altre domande? Facci sapere via e-mail: <a href=\"mailto:booking@holidayresort-balzirossi.com\">booking@holidayresort-balzirossi.com.<\/a> <\/p>\n<p>[\/et_pb_text][et_pb_accordion open_toggle_text_color=&#8221;#b88a2e&#8221; open_toggle_background_color=&#8221;#ffffff&#8221; closed_toggle_background_color=&#8221;#ffffff&#8221; icon_color=&#8221;#b88a2e&#8221; use_icon_font_size=&#8221;on&#8221; icon_font_size=&#8221;22px&#8221; _builder_version=&#8221;4.27.6&#8243; toggle_text_color=&#8221;#222222&#8243; toggle_font=&#8221;&#8211;et_global_body_font||||||||&#8221; toggle_font_size=&#8221;18px&#8221; toggle_line_height=&#8221;1.4em&#8221; body_font=&#8221;||||||||&#8221; body_text_color=&#8221;#5f6060&#8243; custom_margin=&#8221;48px||||false|false&#8221; custom_padding=&#8221;||||false|false&#8221; hover_enabled=&#8221;0&#8243; border_color_all=&#8221;#ede6d7&#8243; global_colors_info=&#8221;{}&#8221; toggle_text_color__hover_enabled=&#8221;off&#8221; toggle_text_color__hover=&#8221;#C1B086&#8243; sticky_enabled=&#8221;0&#8243;][et_pb_accordion_item title=&#8221;Hai un ristorante?&#8221; _builder_version=&#8221;4.27.6&#8243; _module_preset=&#8221;default&#8221; hover_enabled=&#8221;0&#8243; global_colors_info=&#8221;{}&#8221; open=&#8221;off&#8221; sticky_enabled=&#8221;0&#8243;]S\u00ec, ci sono due ristoranti nel resort, adattati alla stagione.<br \/>\nIn primavera e in autunno \u00e8 aperto il piccolo ristorante con terrazza, con un men\u00f9 limitato. In estate \u00e8 aperta anche la terrazza al piano superiore (circa 40 persone). In questo modo potrai gustare piatti raffinati ma anche semplici paste, insalate e panini (al piano inferiore).[\/et_pb_accordion_item][et_pb_accordion_item title=&#8221;Posso fare il check-in prima delle 16.00?&#8221; _builder_version=&#8221;4.27.6&#8243; _module_preset=&#8221;default&#8221; hover_enabled=&#8221;0&#8243; sticky_enabled=&#8221;0&#8243; open=&#8221;off&#8221;]Sei il benvenuto prima della giornata per un pranzo o un drink sulla terrazza. Abbiamo bisogno di questo tempo per pulire con cura e preparare la casa per l&#8217;arrivo.[\/et_pb_accordion_item][et_pb_accordion_item title=&#8221;Cosa succede se faccio il check-in dopo le 21:00?&#8221; _builder_version=&#8221;4.27.6&#8243; _module_preset=&#8221;default&#8221; hover_enabled=&#8221;0&#8243; sticky_enabled=&#8221;0&#8243; open=&#8221;off&#8221;]Il check-in \u00e8 possibile tra le 16:00 e le 21:00. Se arrivi pi\u00f9 tardi, non c&#8217;\u00e8 problema. In questo caso, ti addebitiamo 100\u20ac per l&#8217;impiego di personale extra.   Il self check-in non \u00e8 possibile presso il nostro resort.[\/et_pb_accordion_item][et_pb_accordion_item title=&#8221;Com&apos;\u00e8 la posizione delle case vacanza?&#8221; _builder_version=&#8221;4.23.1&#8243; _module_preset=&#8221;default&#8221; global_colors_info=&#8221;{}&#8221; open=&#8221;off&#8221;]<\/p>\n<p>Le due Lucca si trovano su una terrazza di montagna separata (dove puoi vedere l&#8217;erba verde), sopra le 5 Roma. Il Capri \u00e8 vicino alla piscina. E Siena a sinistra delle rom: Puoi vedere un <a href=\"https:\/\/www.instagram.com\/reel\/C2hPtoNILlG\/?igsh=MTZkMzN5bXBvNWIzNg==\" target=\"_blank\" rel=\"noopener\">video<\/a> sul nostro account instagram.  <\/p>\n<p><img loading=\"lazy\" decoding=\"async\" src=\"https:\/\/holidayresort-balzirossi.com\/wp-content\/uploads\/2024\/01\/plattegrond-ibiza-stijl-huizen-ventimiglia-225x300.jpg\" width=\"225\" height=\"300\" alt=\"Pianta case stile ibiza ventimiglia\" class=\"wp-image-3076 alignnone size-medium\"><\/p>\n<p>[\/et_pb_accordion_item][et_pb_accordion_item title=&#8221;\u00c8 adatto alle sedie a rotelle o alle persone con problemi di mobilit\u00e0?&#8221; _builder_version=&#8221;4.16&#8243; global_colors_info=&#8221;{}&#8221; open=&#8221;off&#8221;]<\/p>\n<p>Anche se abbiamo fatto delle modifiche per gli ospiti in sedia a rotelle per quanto possibile, ti dico molto onestamente che non \u00e8 un luogo adatto alle persone senza o con scarsa mobilit\u00e0. La zona \u00e8 collinare e le strade sono vecchie e rocciose (antico sentiero romano). <\/p>\n<p>[\/et_pb_accordion_item][et_pb_accordion_item title=&#8221;Puoi raggiungere la spiaggia dei Balzi Rossi a piedi?&#8221; _builder_version=&#8221;4.27.6&#8243; hover_enabled=&#8221;0&#8243; global_colors_info=&#8221;{}&#8221; open=&#8221;off&#8221; sticky_enabled=&#8221;0&#8243;]<\/p>\n<p>Certo! Hai diverse spiagge tra cui scegliere. C&#8217;\u00e8 una spiaggia pubblica di ciottoli (controlla su Google Maps Baia Benjamin), diverse spiagge rocciose e il famoso beach club Spiagetta Balzi Rossi. La distanza \u00e8 di circa 100 o 200 metri.   <\/p>\n<p> Scarica anche la nostra Guida di viaggio gratuita. In essa troverai le nostre spiagge preferite![\/et_pb_accordion_item][et_pb_accordion_item title=&#8221;Vedo i binari del treno su Google Maps. Ti d\u00e0 fastidio? &#8221; _builder_version=&#8221;4.16&#8243; _module_preset=&#8221;default&#8221; global_colors_info=&#8221;{}&#8221; open=&#8221;off&#8221;]<\/p>\n<p>Una linea ferroviaria corre lungo la costa, ma non ti disturba affatto. Un treno passa al massimo due volte all&#8217;ora. Le case vacanza sono super insonorizzate. Quindi un treno o una festa in spiaggia non ti daranno alcun fastidio.    Tutti i nostri ospiti dormono come rose. <\/p>\n<p>[\/et_pb_accordion_item][et_pb_accordion_item title=&#8221;Ci sono ristoranti gustosi nelle vicinanze?&#8221; _builder_version=&#8221;4.16&#8243; _module_preset=&#8221;default&#8221; global_colors_info=&#8221;{}&#8221; open=&#8221;off&#8221;]<\/p>\n<p>In spiaggia, puoi mangiare al Baya Benjamin\/Twiga o alla Spiaggia dei Balzi Rossi. Alla barriera, troverai un ristorante stellato, l&#8217;originalissimo Ristorante Balzi Rossi. Troverai molti ristoranti anche nel porto di Mentone. Scarica la nostra <a href=\"https:\/\/balzirossi.myflodesk.com\/travelguide\" target=\"_blank\" rel=\"noopener\">guida di viaggio gratuita<\/a> e avrai i nostri preferiti.   <\/p>\n<p>[\/et_pb_accordion_item][et_pb_accordion_item title=&#8221;Abbiamo una figlia di 13 anni, \u00e8 divertente per lei?&#8221; _builder_version=&#8221;4.16&#8243; _module_preset=&#8221;default&#8221; global_colors_info=&#8221;{}&#8221; open=&#8221;off&#8221;]<\/p>\n<p>Ad essere sinceri, il nostro parco vacanze \u00e8 pi\u00f9 adatto a coppie o famiglie con bambini grandi. Poich\u00e9 la posizione \u00e8 piuttosto montuosa, non \u00e8 l&#8217;ideale con un passeggino o con bambini intraprendenti. Secondo la nostra esperienza, i bambini entrano facilmente in contatto tra loro grazie alle dimensioni ridotte. Ci si diverte molto! Nuotare insieme, andare in spiaggia a fare snorkeling o giocare. Puoi lasciarli liberi mentre ti godi un aperitivo con il tuo partner. Per scoprire i migliori consigli per gli adolescenti: <a href=\"https:\/\/holidayresort-balzirossi.com\/uitstapjes-met-tieners-liguria\/\">leggi il nostro blog qui.<\/a>       <\/p>\n<p>[\/et_pb_accordion_item][et_pb_accordion_item title=&#8221;Si pu\u00f2 andare ai Balzi Rossi in treno?&#8221; _builder_version=&#8221;4.16&#8243; _module_preset=&#8221;default&#8221; global_colors_info=&#8221;{}&#8221; open=&#8221;off&#8221;]<\/p>\n<p>S\u00ec. Dall&#8217;aeroporto di Nizza (Nice Augustin) prendi il treno per Menton Garavan. Da l\u00ec sono 20 minuti a piedi.    Ma un bellissimo percorso lungo la costa. <\/p>\n<p>[\/et_pb_accordion_item][et_pb_accordion_item title=&#8221;Tutti i bungalow sono un&apos;unica grande stanza o le camere da letto sono separate?&#8221; _builder_version=&#8221;4.16&#8243; _module_preset=&#8221;default&#8221; global_colors_info=&#8221;{}&#8221; open=&#8221;off&#8221;]<\/p>\n<p>Roma e Lucca hanno 1 spazio. In Italia si chiama camera: CAMERA DI LUSSO. Siena ha 2 camere da letto separate e Capri ha 1 camera da letto e un soggiorno\/camera da letto. Sul retro della Capri c&#8217;\u00e8 un&#8217;altra stanza separata che \u00e8 molto adatta per far dormire un bambino.   <\/p>\n<p>[\/et_pb_accordion_item][et_pb_accordion_item title=&#8221;Ci sono spiagge libere o solo costosi beach club?&#8221; _builder_version=&#8221;4.17.4&#8243; _module_preset=&#8221;default&#8221; global_colors_info=&#8221;{}&#8221; open=&#8221;off&#8221;]<\/p>\n<p>Intorno al resort troverai diverse spiagge libere (a 100 metri). Se guardi su Google Maps vedrai una grande spiaggia sulla destra (di ghiaia) e diverse spiagge rocciose sulla sinistra. Vicino al nostro resort c&#8217;\u00e8 un beach club che applica prezzi elevati perch\u00e9 vi si recano molte persone di Monaco. Il cibo \u00e8 davvero buono e l&#8217;acqua \u00e8 turchese. Dal 1\u00b0 ottobre al 1\u00b0 maggio puoi nuotare e prendere il sole qui. A Ventimiglia c&#8217;\u00e8 una piccola spiaggia segreta, almeno per i turisti, dove vanno tutti gli italiani del posto: Calandre. \u00c8 una spiaggia sabbiosa e puoi fare una bella nuotata perch\u00e9 il mare \u00e8 poco profondo per molto tempo. Vicino c&#8217;\u00e8 un bar sulla spiaggia dove puoi mangiare e bere.        Enjoy! <\/p>\n<p>[\/et_pb_accordion_item][et_pb_accordion_item title=&#8221;Avete un servizio di panini?&#8221; _builder_version=&#8221;4.23.1&#8243; _module_preset=&#8221;default&#8221; global_colors_info=&#8221;{}&#8221; open=&#8221;off&#8221;]<\/p>\n<p>No, ma puoi fare colazione con noi. Ma di fronte al parcheggio c&#8217;\u00e8 un piccolo supermercato che offre caff\u00e8, tra le altre cose. Troverai pane fresco alla cassa! E naturalmente puoi raggiungere a piedi il panificio francese <a href=\"https:\/\/maps.app.goo.gl\/GxXKjWngGFSPzf5bA\" target=\"_blank\" rel=\"noopener\">L&#8217;ami du pain<\/a>. I croissant sono davvero i migliori di tutta la Francia!    <\/p>\n<p><img loading=\"lazy\" decoding=\"async\" src=\"https:\/\/holidayresort-balzirossi.com\/wp-content\/uploads\/2024\/01\/breakfast-2023-214x300.jpg\" width=\"214\" height=\"300\" alt=\"Colazione 2023\" class=\"wp-image-3070 alignnone size-medium\"><\/p>\n<p>[\/et_pb_accordion_item][et_pb_accordion_item title=&#8221;Abbiamo un cane. Pu\u00f2 venire con noi? &#8221; _builder_version=&#8221;4.27.6&#8243; hover_enabled=&#8221;0&#8243; global_colors_info=&#8221;{}&#8221; open=&#8221;on&#8221; sticky_enabled=&#8221;0&#8243;]<\/p>\n<p>Non importa quanto siano carini i cani. I cani (e altri animali domestici) <span style=\"text-decoration: underline;\">non sono<\/span> ammessi nelle nostre case vacanze per motivi igienici e per le possibili allergie dei nostri ospiti. Naturalmente sono i benvenuti sulla nostra terrazza (al guinzaglio) se vuoi pranzare o bere qualcosa.   <\/p>\n<p>[\/et_pb_accordion_item][et_pb_accordion_item title=&#8221;Posso utilizzare il vostro servizio navetta se ho fatto acquisti?&#8221; _builder_version=&#8221;4.23.1&#8243; _module_preset=&#8221;default&#8221; global_colors_info=&#8221;{}&#8221; open=&#8221;off&#8221;]<\/p>\n<p>Puoi utilizzare il nostro servizio navetta, ma non gratuitamente. Il costo \u00e8 di 19\u20ac a volta.  Dobbiamo dedicare qualcuno a questo lavoro. <\/p>\n<p>[\/et_pb_accordion_item][et_pb_accordion_item title=&#8221;Puoi parcheggiare a casa tua?&#8221; _builder_version=&#8221;4.16&#8243; global_colors_info=&#8221;{}&#8221; open=&#8221;off&#8221;]<\/p>\n<p>I Balzi Rossi sono un&#8217;area archeologica protetta. Pertanto, \u00e8 accessibile solo ai residenti. Parcheggia gratuitamente nel parcheggio e verremo a prenderti con i tuoi bagagli. Dal cottage alla macchina ci sono circa 10 minuti di cammino lungo la costa. Una meravigliosa passeggiata quotidiana!    <\/p>\n<p>[\/et_pb_accordion_item][et_pb_accordion_item title=&#8221;Avete un parcheggio sicuro per la nostra macchina?&#8221; open=&#8221;off&#8221; _builder_version=&#8221;4.27.6&#8243; _module_preset=&#8221;default&#8221; hover_enabled=&#8221;0&#8243; global_colors_info=&#8221;{}&#8221; sticky_enabled=&#8221;0&#8243;]<\/p>\n<p>No, ma il parcheggio pubblico si trova a soli 100 metri da un valico di frontiera sicuro, quindi \u00e8 sicuro. A causa della rigida politica migratoria della Francia, la polizia \u00e8 presente 24 ore su 24, 7 giorni su 7. Per lo meno non abbiamo mai sperimentato nulla di spiacevole in tutti questi anni.  <\/p>\n<p>[\/et_pb_accordion_item][et_pb_accordion_item title=&#8221;Hai una lavatrice generica?&#8221; _builder_version=&#8221;4.23.1&#8243; _module_preset=&#8221;default&#8221; global_colors_info=&#8221;{}&#8221; open=&#8221;off&#8221;]<\/p>\n<p>No, non \u00e8 cos\u00ec. Al porto di Mentone Garavan ci sono due grandi lavatrici, da 9 e 18 chili, e un&#8217;asciugatrice. Puoi utilizzarle a pagamento. Il detersivo \u00e8 incluso. Il supermercato \u00e8 a 100 metri di distanza e ci sono terrazze ovunque dove puoi prendere un buon caff\u00e8 nel frattempo. Le lavatrici si trovano accanto al <a href=\"https:\/\/maps.app.goo.gl\/MbgErj7Zz6Ub8MVK6\" target=\"_blank\" rel=\"noopener\">ristorante<\/a>.      Alla rotonda vicino al <a href=\"https:\/\/maps.app.goo.gl\/94unp8euDfo8t68Z9\" target=\"_blank\" rel=\"noopener\">Conad<\/a> a Ventimiglia-Latte c\u2019\u00e8 una lavanderia. <\/p>\n<p>[\/et_pb_accordion_item][et_pb_accordion_item title=&#8221;Perch\u00e9 non posso prenotare per una notte?&#8221; _builder_version=&#8221;4.27.6&#8243; _module_preset=&#8221;default&#8221; hover_enabled=&#8221;0&#8243; sticky_enabled=&#8221;0&#8243; open=&#8221;off&#8221;]Perch\u00e9 non siamo un hotel, ma affittiamo bungalow. Ogni soggiorno comporta dei costi fissi, come 97\u20ac per le pulizie e 22\u20ac a persona per la biancheria e gli asciugamani. Per una notte, questo rende il prezzo per notte relativamente alto. Ecco perch\u00e9 abbiamo un soggiorno minimo.[\/et_pb_accordion_item][et_pb_accordion_item title=&#8221;Quanto dista il tragitto dall&apos;auto alla casa?&#8221; _builder_version=&#8221;4.27.4&#8243; _module_preset=&#8221;default&#8221; global_colors_info=&#8221;{}&#8221; open=&#8221;off&#8221;]<\/p>\n<p>La distanza dal parcheggio alla casa \u00e8 di 450 metri. \u00c8 un po&#8217; collinosa ma nostra figlia di 5 anni l&#8217;ha percorsa senza problemi.  \u00c8 solo un po\u2019 difficile con un passeggino (antico sentiero romano) o se si ha difficolt\u00e0 a camminare. <\/p>\n<p>[\/et_pb_accordion_item][et_pb_accordion_item title=&#8221;Il tuo resort \u00e8 adatto ai bambini?&#8221; _builder_version=&#8221;4.27.6&#8243; _module_preset=&#8221;default&#8221; hover_enabled=&#8221;0&#8243; sticky_enabled=&#8221;0&#8243; open=&#8221;off&#8221;]\u00c8 possibile, ma richiede una certa preparazione. Si raggiunge il resort con una passeggiata di circa 450 metri lungo un vecchio sentiero romano con pietre pericolanti. Con una carrozzina \u00e8 difficile. Inoltre, ci troviamo su una montagna e ci sono molti gradini. Per i bambini che camminano e basta, questo comporta una maggiore attenzione, anche perch\u00e9 non ci sono recinzioni ovunque.[\/et_pb_accordion_item][et_pb_accordion_item title=&#8221;Le case vacanza hanno una macchina per il caff\u00e8 espresso. Che caff\u00e8 ci va dentro? &#8221; _builder_version=&#8221;4.27.6&#8243; _module_preset=&#8221;default&#8221; hover_enabled=&#8221;0&#8243; sticky_enabled=&#8221;0&#8243; open=&#8221;off&#8221;]Caff\u00e8 espresso macinato, come quello di Illy. Puoi acquistarli nel piccolo negozio di fronte al parcheggio dei Balzi Rossi. [\/et_pb_accordion_item][et_pb_accordion_item title=&#8221;In estate, a volte ho difficolt\u00e0 a trovare un parcheggio. Si pu\u00f2 fare qualcosa al riguardo? &#8221; _builder_version=&#8221;4.27.6&#8243; _module_preset=&#8221;default&#8221; hover_enabled=&#8221;0&#8243; sticky_enabled=&#8221;0&#8243;]Proprio cos\u00ec, in estate molti abitanti del luogo si recano in spiaggia, rendendo il parcheggio pi\u00f9 affollato. Puoi anticipare un po&#8217; i tempi: al mattino e alla fine del pomeriggio di solito si liberano dei posti. A volte bisogna aspettare un po&#8217; prima che si liberi un posto.[\/et_pb_accordion_item][\/et_pb_accordion][\/et_pb_column][\/et_pb_row][\/et_pb_section]<\/p>\n","protected":false},"excerpt":{"rendered":"<p>FAQ: domande frequenti dei nostri ospiti. &nbsp; Hai altre domande? Facci sapere via e-mail: booking@holidayresort-balzirossi.com. S\u00ec, ci sono due ristoranti nel resort, adattati alla stagione. In primavera e in autunno \u00e8 aperto il piccolo ristorante con terrazza, con un men\u00f9 limitato. In estate \u00e8 aperta anche la terrazza al piano superiore (circa 40 persone). In [&hellip;]<\/p>\n","protected":false},"author":2,"featured_media":0,"parent":0,"menu_order":0,"comment_status":"closed","ping_status":"closed","template":"","meta":{"_et_pb_use_builder":"on","_et_pb_old_content":"","_et_gb_content_width":"","_exactmetrics_skip_tracking":false,"_exactmetrics_sitenote_active":false,"_exactmetrics_sitenote_note":"","_exactmetrics_sitenote_category":0,"footnotes":""},"class_list":["post-3646","page","type-page","status-publish","hentry"],"_links":{"self":[{"href":"https:\/\/holidayresort-balzirossi.com\/it\/wp-json\/wp\/v2\/pages\/3646","targetHints":{"allow":["GET"]}}],"collection":[{"href":"https:\/\/holidayresort-balzirossi.com\/it\/wp-json\/wp\/v2\/pages"}],"about":[{"href":"https:\/\/holidayresort-balzirossi.com\/it\/wp-json\/wp\/v2\/types\/page"}],"author":[{"embeddable":true,"href":"https:\/\/holidayresort-balzirossi.com\/it\/wp-json\/wp\/v2\/users\/2"}],"replies":[{"embeddable":true,"href":"https:\/\/holidayresort-balzirossi.com\/it\/wp-json\/wp\/v2\/comments?post=3646"}],"version-history":[{"count":8,"href":"https:\/\/holidayresort-balzirossi.com\/it\/wp-json\/wp\/v2\/pages\/3646\/revisions"}],"predecessor-version":[{"id":4714,"href":"https:\/\/holidayresort-balzirossi.com\/it\/wp-json\/wp\/v2\/pages\/3646\/revisions\/4714"}],"wp:attachment":[{"href":"https:\/\/holidayresort-balzirossi.com\/it\/wp-json\/wp\/v2\/media?parent=3646"}],"curies":[{"name":"wp","href":"https:\/\/api.w.org\/{rel}","templated":true}]}}